{"id":6103,"date":"2023-12-13T13:07:47","date_gmt":"2023-12-13T16:07:47","guid":{"rendered":"https:\/\/antoniapaz.cl\/web\/?post_type=product&#038;p=6103"},"modified":"2023-12-13T13:09:19","modified_gmt":"2023-12-13T16:09:19","slug":"cojin-central-maya-gris","status":"publish","type":"product","link":"https:\/\/antoniapaz.cl\/web\/producto\/cojin-central-maya-gris\/","title":{"rendered":"Coj\u00edn central Maya gris"},"content":{"rendered":"<p>Coj\u00edn central Maya gris<br \/>\nIncluye funda con cierre y relleno de algod\u00f3n en saco de algod\u00f3n<\/p>\n<p>Medida: 70 x 30 cm<\/p>\n","protected":false},"excerpt":{"rendered":"<p>Coj\u00edn central Maya gris Incluye funda con cierre y relleno de algod\u00f3n en saco de algod\u00f3n Medida: 70 x 30 cm<\/p>\n","protected":false},"featured_media":6104,"template":"","meta":{"sharing_disabled":false,"spay_email":"","jetpack_publicize_message":""},"jetpack_publicize_connections":[],"_links":{"self":[{"href":"https:\/\/antoniapaz.cl\/web\/wp-json\/wp\/v2\/product\/6103"}],"collection":[{"href":"https:\/\/antoniapaz.cl\/web\/wp-json\/wp\/v2\/product"}],"about":[{"href":"https:\/\/antoniapaz.cl\/web\/wp-json\/wp\/v2\/types\/product"}],"wp:featuredmedia":[{"embeddable":true,"href":"https:\/\/antoniapaz.cl\/web\/wp-json\/wp\/v2\/media\/6104"}],"wp:attachment":[{"href":"https:\/\/antoniapaz.cl\/web\/wp-json\/wp\/v2\/media?parent=6103"}],"curies":[{"name":"wp","href":"https:\/\/api.w.org\/{rel}","templated":true}]}}